{"id":211,"date":"2018-07-24T07:07:43","date_gmt":"2018-07-24T07:07:43","guid":{"rendered":"http:\/\/weller-insektenschutz.de.w01d5f36.kasserver.com\/?page_id=211"},"modified":"2022-11-03T11:00:58","modified_gmt":"2022-11-03T11:00:58","slug":"hestia-front","status":"publish","type":"page","link":"https:\/\/weller-insektenschutz.de\/","title":{"rendered":"Startseite"},"content":{"rendered":"<h2 style=\"text-align: center;\"><strong><span style=\"font-size: 18pt;\">F\u00fcr jeden Fall das richtige System<\/span><\/strong><\/h2>\n<table style=\"width: 100%; border-collapse: collapse; border-style: none;\" border=\"1\">\n<tbody>\n<tr>\n<td style=\"width: 16.6667%;\"><\/td>\n<td style=\"width: 16.6667%; text-align: center;\"><span style=\"font-size: 14pt;\"><a href=\"http:\/\/weller-insektenschutz.de.w01d5f36.kasserver.com\/?page_id=261\"><img loading=\"lazy\" decoding=\"async\" src=\"http:\/\/weller-insektenschutz.de.w01d5f36.kasserver.com\/wp-content\/uploads\/2014\/06\/profilia-B-300x134.png\" alt=\"\" class=\"aligncenter wp-image-100 size-medium\" width=\"300\" height=\"134\" srcset=\"https:\/\/weller-insektenschutz.de\/wp-content\/uploads\/2014\/06\/profilia-B-300x134.png 300w, https:\/\/weller-insektenschutz.de\/wp-content\/uploads\/2014\/06\/profilia-B-1024x459.png 1024w, https:\/\/weller-insektenschutz.de\/wp-content\/uploads\/2014\/06\/profilia-B.png 1200w\" sizes=\"(max-width: 300px) 100vw, 300px\" \/><\/a><\/span><\/td>\n<td style=\"width: 16.6667%; text-align: center;\"><a href=\"http:\/\/weller-insektenschutz.de.w01d5f36.kasserver.com\/?page_id=265\"><img loading=\"lazy\" decoding=\"async\" src=\"http:\/\/weller-insektenschutz.de.w01d5f36.kasserver.com\/wp-content\/uploads\/2014\/06\/America-B-300x134.png\" alt=\"\" class=\"aligncenter wp-image-96 size-medium\" width=\"300\" height=\"134\" srcset=\"https:\/\/weller-insektenschutz.de\/wp-content\/uploads\/2014\/06\/America-B-300x134.png 300w, https:\/\/weller-insektenschutz.de\/wp-content\/uploads\/2014\/06\/America-B-1024x459.png 1024w, https:\/\/weller-insektenschutz.de\/wp-content\/uploads\/2014\/06\/America-B.png 1200w\" sizes=\"(max-width: 300px) 100vw, 300px\" \/><\/a><\/td>\n<td style=\"width: 16.6667%; text-align: center;\"><span style=\"font-size: 14pt;\"><a href=\"http:\/\/weller-insektenschutz.de.w01d5f36.kasserver.com\/?page_id=265\"><img loading=\"lazy\" decoding=\"async\" src=\"http:\/\/weller-insektenschutz.de.w01d5f36.kasserver.com\/wp-content\/uploads\/2018\/07\/Rollo-B-300x135.png\" alt=\"\" class=\"aligncenter wp-image-259 size-medium\" width=\"300\" height=\"135\" srcset=\"https:\/\/weller-insektenschutz.de\/wp-content\/uploads\/2018\/07\/Rollo-B-300x135.png 300w, https:\/\/weller-insektenschutz.de\/wp-content\/uploads\/2018\/07\/Rollo-B-768x344.png 768w, https:\/\/weller-insektenschutz.de\/wp-content\/uploads\/2018\/07\/Rollo-B-1024x459.png 1024w, https:\/\/weller-insektenschutz.de\/wp-content\/uploads\/2018\/07\/Rollo-B.png 1200w\" sizes=\"(max-width: 300px) 100vw, 300px\" \/><\/a><a href=\"http:\/\/weller-insektenschutz.de.w01d5f36.kasserver.com\/wp-content\/uploads\/2014\/06\/Genius-B.png\"><\/a><\/span><\/td>\n<td style=\"width: 16.6667%; text-align: center;\"><span style=\"font-size: 14pt;\"><a href=\"http:\/\/weller-insektenschutz.de.w01d5f36.kasserver.com\/?page_id=297\"><img loading=\"lazy\" decoding=\"async\" src=\"http:\/\/weller-insektenschutz.de.w01d5f36.kasserver.com\/wp-content\/uploads\/2014\/06\/Plisse-B-300x134.png\" alt=\"\" class=\"aligncenter wp-image-97 size-medium\" width=\"300\" height=\"134\" srcset=\"https:\/\/weller-insektenschutz.de\/wp-content\/uploads\/2014\/06\/Plisse-B-300x134.png 300w, https:\/\/weller-insektenschutz.de\/wp-content\/uploads\/2014\/06\/Plisse-B-1024x459.png 1024w, https:\/\/weller-insektenschutz.de\/wp-content\/uploads\/2014\/06\/Plisse-B.png 1200w\" sizes=\"(max-width: 300px) 100vw, 300px\" \/><\/a><\/span><\/td>\n<td style=\"width: 16.6667%; text-align: center;\"><span style=\"font-size: 14pt;\"><a href=\"http:\/\/weller-insektenschutz.de.w01d5f36.kasserver.com\/?page_id=300\"><img loading=\"lazy\" decoding=\"async\" src=\"http:\/\/weller-insektenschutz.de.w01d5f36.kasserver.com\/wp-content\/uploads\/2014\/06\/Well-Screen-B-300x134.png\" alt=\"\" class=\"aligncenter wp-image-94 size-medium\" width=\"300\" height=\"134\" srcset=\"https:\/\/weller-insektenschutz.de\/wp-content\/uploads\/2014\/06\/Well-Screen-B-300x134.png 300w, https:\/\/weller-insektenschutz.de\/wp-content\/uploads\/2014\/06\/Well-Screen-B-1024x459.png 1024w, https:\/\/weller-insektenschutz.de\/wp-content\/uploads\/2014\/06\/Well-Screen-B.png 1200w\" sizes=\"(max-width: 300px) 100vw, 300px\" \/><\/a><\/span><\/td>\n<\/tr>\n<tr style=\"background-color: #e8e8e8;\">\n<td style=\"width: 16.6667%;\"><span style=\"font-size: 12pt; color: #333333;\">Fenster<\/span><\/td>\n<td style=\"width: 16.6667%; text-align: center;\"><span style=\"font-size: 12pt; color: #333333;\">X<\/span><\/td>\n<td style=\"width: 16.6667%; text-align: center;\"><\/td>\n<td style=\"width: 16.6667%; text-align: center;\"><span style=\"font-size: 12pt; color: #333333;\">X<\/span><\/td>\n<td style=\"width: 16.6667%; text-align: center;\"><\/td>\n<td style=\"width: 16.6667%; text-align: center;\"><\/td>\n<\/tr>\n<tr>\n<td style=\"width: 16.6667%;\"><span style=\"font-size: 12pt; color: #333333;\">Dachfenster<\/span><\/td>\n<td style=\"width: 16.6667%; text-align: center;\"><span style=\"font-size: 12pt; color: #333333;\">X<\/span><\/td>\n<td style=\"width: 16.6667%; text-align: center;\"><\/td>\n<td style=\"width: 16.6667%; text-align: center;\"><span style=\"font-size: 12pt; color: #333333;\">X<\/span><\/td>\n<td style=\"width: 16.6667%; text-align: center;\"><\/td>\n<td style=\"width: 16.6667%; text-align: center;\"><\/td>\n<\/tr>\n<tr style=\"background-color: #e8e8e8;\">\n<td style=\"width: 16.6667%;\"><span style=\"font-size: 12pt; color: #333333;\">Dreht\u00fcr<\/span><\/td>\n<td style=\"width: 16.6667%; text-align: center;\"><span style=\"font-size: 12pt; color: #333333;\">X<\/span><\/td>\n<td style=\"width: 16.6667%; text-align: center;\"><span style=\"color: #333333;\"><span style=\"font-size: 12pt;\">X<\/span><span style=\"font-size: 8pt;\"><br \/>\n<\/span><\/span><\/td>\n<td style=\"width: 16.6667%; text-align: center;\"><\/td>\n<td style=\"width: 16.6667%; text-align: center;\"><\/td>\n<td style=\"width: 16.6667%; text-align: center;\"><\/td>\n<\/tr>\n<tr>\n<td style=\"width: 16.6667%;\"><span style=\"font-size: 12pt; color: #333333;\">Schiebet\u00fcr<\/span><\/td>\n<td style=\"width: 16.6667%; text-align: center;\"><span style=\"font-size: 12pt; color: #333333;\">X<\/span><\/td>\n<td style=\"width: 16.6667%; text-align: center;\"><\/td>\n<td style=\"width: 16.6667%; text-align: center;\"><\/td>\n<td style=\"width: 16.6667%; text-align: center;\"><\/td>\n<td style=\"width: 16.6667%; text-align: center;\"><\/td>\n<\/tr>\n<tr style=\"background-color: #e8e8e8;\">\n<td style=\"width: 16.6667%;\"><span style=\"font-size: 12pt; color: #333333;\">Fenster (Rollo)<\/span><\/td>\n<td style=\"width: 16.6667%; text-align: center;\"><\/td>\n<td style=\"width: 16.6667%; text-align: center;\"><\/td>\n<td style=\"width: 16.6667%; text-align: center;\"><span style=\"font-size: 12pt; color: #333333;\">X<\/span><\/td>\n<td style=\"width: 16.6667%; text-align: center;\"><\/td>\n<td style=\"width: 16.6667%; text-align: center;\"><\/td>\n<\/tr>\n<tr>\n<td style=\"width: 16.6667%;\"><span style=\"font-size: 12pt; color: #333333;\">T\u00fcr (Rollo)<\/span><\/td>\n<td style=\"width: 16.6667%; text-align: center;\"><\/td>\n<td style=\"width: 16.6667%; text-align: center;\"><\/td>\n<td style=\"width: 16.6667%; text-align: center;\"><span style=\"font-size: 12pt; color: #333333;\">X<\/span><\/td>\n<td style=\"width: 16.6667%; text-align: center;\"><\/td>\n<td style=\"width: 16.6667%; text-align: center;\"><\/td>\n<\/tr>\n<tr style=\"background-color: #e8e8e8;\">\n<td style=\"width: 16.6667%;\"><span style=\"font-size: 12pt; color: #333333;\">Fenster (Pliss\u00e9)<\/span><\/td>\n<td style=\"width: 16.6667%; text-align: center;\"><\/td>\n<td style=\"width: 16.6667%; text-align: center;\"><\/td>\n<td style=\"width: 16.6667%; text-align: center;\"><\/td>\n<td style=\"width: 16.6667%; text-align: center;\"><span style=\"font-size: 12pt; color: #333333;\">X<\/span><\/td>\n<td style=\"width: 16.6667%; text-align: center;\"><\/td>\n<\/tr>\n<tr>\n<td style=\"width: 16.6667%;\"><span style=\"font-size: 12pt; color: #333333;\">T\u00fcr (Pliss\u00e9)<\/span><\/td>\n<td style=\"width: 16.6667%; text-align: center;\"><\/td>\n<td style=\"width: 16.6667%; text-align: center;\"><\/td>\n<td style=\"width: 16.6667%; text-align: center;\"><\/td>\n<td style=\"width: 16.6667%; text-align: center;\"><span style=\"font-size: 12pt; color: #333333;\">X<\/span><\/td>\n<td style=\"width: 16.6667%; text-align: center;\"><\/td>\n<\/tr>\n<tr style=\"background-color: #e8e8e8;\">\n<td style=\"width: 16.6667%;\"><span style=\"font-size: 12pt; color: #333333;\">Lichtschacht<\/span><\/td>\n<td style=\"width: 16.6667%; text-align: center;\"><\/td>\n<td style=\"width: 16.6667%; text-align: center;\"><\/td>\n<td style=\"width: 16.6667%; text-align: center;\"><\/td>\n<td style=\"width: 16.6667%; text-align: center;\"><\/td>\n<td style=\"width: 16.6667%; text-align: center;\"><span style=\"font-size: 12pt; color: #333333;\">X<\/span><\/td>\n<\/tr>\n<tr>\n<td style=\"width: 16.6667%;\"><span style=\"font-size: 12pt;\">&nbsp;<\/span><\/td>\n<td style=\"width: 16.6667%; text-align: center;\"><a href=\"http:\/\/weller-insektenschutz.de.w01d5f36.kasserver.com\/?page_id=261\"><span style=\"font-size: 10pt;\">Ich m\u00f6chte mehr erfahren&#8230;<\/span><\/a><\/td>\n<td style=\"width: 16.6667%; text-align: center;\"><a href=\"http:\/\/weller-insektenschutz.de.w01d5f36.kasserver.com\/?page_id=265\"><span style=\"font-size: 10pt;\">Ich m\u00f6chte mehr erfahren&#8230;<\/span><\/a><\/td>\n<td style=\"width: 16.6667%; text-align: center;\"><a href=\"http:\/\/weller-insektenschutz.de.w01d5f36.kasserver.com\/?page_id=271\"><span style=\"font-size: 10pt;\">Ich m\u00f6chte mehr erfahren&#8230;<\/span><\/a><\/td>\n<td style=\"width: 16.6667%; text-align: center;\"><a href=\"http:\/\/weller-insektenschutz.de.w01d5f36.kasserver.com\/?page_id=297\"><span style=\"font-size: 10pt;\">Ich m\u00f6chte mehr erfahren&#8230;<\/span><\/a><\/td>\n<td style=\"width: 16.6667%; text-align: center;\"><a href=\"http:\/\/weller-insektenschutz.de.w01d5f36.kasserver.com\/?page_id=300\"><span style=\"font-size: 10pt;\">Ich m\u00f6chte mehr erfahren&#8230;&nbsp;<\/span><\/a><\/td>\n<\/tr>\n<\/tbody>\n<\/table>\n<hr>\n<h2 class=\"description\" style=\"text-align: center;\"><strong><span style=\"font-size: 18pt;\">Nehmen Sie Kontakt auf<\/span><\/strong><\/h2>\n<table style=\"width: 100%; border-collapse: collapse; background-color: #8f8f8f; border-style: solid; border-color: #ffffff;\" class=\" aligncenter\" border=\"0\">\n<tbody>\n<tr style=\"border-style: none;\">\n<td style=\"width: 34.9568%; height: 10px; border-style: none; text-align: center; vertical-align: middle;\">\n<h3><strong><span style=\"font-size: 14pt; color: #ffffff;\">Telefonisch<\/span><\/strong><\/h3>\n<\/td>\n<td style=\"width: 36.8314%; height: 10px; border-style: none; text-align: center; vertical-align: middle;\">\n<h3><strong><span style=\"font-size: 14pt; color: #ffffff;\">Postalisch<\/span><\/strong><\/h3>\n<\/td>\n<td style=\"width: 39.3077%; border-style: none; text-align: center; vertical-align: middle;\">\n<h3><span style=\"font-size: 14pt;\"><span style=\"color: #ffffff;\"><strong>E-Mail<\/strong><br \/>\n<\/span><\/span><\/h3>\n<\/td>\n<\/tr>\n<tr style=\"border-style: none;\">\n<td style=\"width: 34.9568%; height: 123px; border-style: none; text-align: center; vertical-align: middle;\"><span style=\"font-size: 14pt; color: #ffffff;\">Christel<\/span><span style=\"font-size: 14pt; color: #ffffff;\"> Weller <\/span><br \/>\n<span style=\"font-size: 14pt; color: #ffffff;\">+49 5276 986 444<\/span><br \/>\n<span style=\"font-size: 14pt; color: #ffffff;\">Mo &#8211; Fr, 8:00-18:00<\/span><\/td>\n<td style=\"width: 36.8314%; height: 123px; border-style: none; text-align: center; vertical-align: middle;\"><span style=\"font-size: 14pt; color: #ffffff;\">Am Anger 23<\/span><br \/>\n<span style=\"font-size: 14pt; color: #ffffff;\">37696 Marienm\u00fcnster<\/span><br \/>\n<span style=\"font-size: 14pt; color: #ffffff;\">&nbsp;&nbsp;&nbsp;&nbsp;&nbsp;&nbsp;&nbsp; \/Altenbergen<\/span><\/td>\n<td style=\"width: 39.3077%; border-style: none; text-align: center; vertical-align: middle;\"><span style=\"font-size: 14pt; color: #ffffff;\">info@weller-insektenschutz.de<br \/>\n<\/span><\/td>\n<\/tr>\n<\/tbody>\n<\/table>\n<h2><img loading=\"lazy\" decoding=\"async\" src=\"http:\/\/weller-insektenschutz.de.w01d5f36.kasserver.com\/wp-content\/uploads\/2014\/06\/1400_400_header.jpg\" alt=\"\" class=\"aligncenter wp-image-159 size-full\" width=\"1400\" height=\"400\" srcset=\"https:\/\/weller-insektenschutz.de\/wp-content\/uploads\/2014\/06\/1400_400_header.jpg 1400w, https:\/\/weller-insektenschutz.de\/wp-content\/uploads\/2014\/06\/1400_400_header-300x85.jpg 300w, https:\/\/weller-insektenschutz.de\/wp-content\/uploads\/2014\/06\/1400_400_header-1024x292.jpg 1024w\" sizes=\"(max-width: 1400px) 100vw, 1400px\" \/><\/h2>\n","protected":false},"excerpt":{"rendered":"<p>F\u00fcr jeden Fall das richtige System Fenster X X Dachfenster X X Dreht\u00fcr X X Schiebet\u00fcr X Fenster (Rollo) X T\u00fcr (Rollo) X Fenster (Pliss\u00e9) X T\u00fcr (Pliss\u00e9) X Lichtschacht X &nbsp; Ich m\u00f6chte mehr erfahren&#8230; Ich m\u00f6chte mehr erfahren&#8230; Ich m\u00f6chte mehr erfahren&#8230; Ich m\u00f6chte mehr erfahren&#8230; Ich m\u00f6chte<\/p>\n","protected":false},"author":1,"featured_media":0,"parent":0,"menu_order":0,"comment_status":"closed","ping_status":"closed","template":"","meta":{"footnotes":""},"_links":{"self":[{"href":"https:\/\/weller-insektenschutz.de\/index.php?rest_route=\/wp\/v2\/pages\/211"}],"collection":[{"href":"https:\/\/weller-insektenschutz.de\/index.php?rest_route=\/wp\/v2\/pages"}],"about":[{"href":"https:\/\/weller-insektenschutz.de\/index.php?rest_route=\/wp\/v2\/types\/page"}],"author":[{"embeddable":true,"href":"https:\/\/weller-insektenschutz.de\/index.php?rest_route=\/wp\/v2\/users\/1"}],"replies":[{"embeddable":true,"href":"https:\/\/weller-insektenschutz.de\/index.php?rest_route=%2Fwp%2Fv2%2Fcomments&post=211"}],"version-history":[{"count":32,"href":"https:\/\/weller-insektenschutz.de\/index.php?rest_route=\/wp\/v2\/pages\/211\/revisions"}],"predecessor-version":[{"id":422,"href":"https:\/\/weller-insektenschutz.de\/index.php?rest_route=\/wp\/v2\/pages\/211\/revisions\/422"}],"wp:attachment":[{"href":"https:\/\/weller-insektenschutz.de\/index.php?rest_route=%2Fwp%2Fv2%2Fmedia&parent=211"}],"curies":[{"name":"wp","href":"https:\/\/api.w.org\/{rel}","templated":true}]}}