{"id":261,"date":"2018-07-28T13:49:57","date_gmt":"2018-07-28T13:49:57","guid":{"rendered":"http:\/\/weller-insektenschutz.de.w01d5f36.kasserver.com\/?page_id=261"},"modified":"2022-11-04T07:32:52","modified_gmt":"2022-11-04T07:32:52","slug":"system-profilia","status":"publish","type":"page","link":"https:\/\/weller-insektenschutz.de\/?page_id=261","title":{"rendered":"System Profilia"},"content":{"rendered":"<p><img loading=\"lazy\" decoding=\"async\" src=\"http:\/\/weller-insektenschutz.de.w01d5f36.kasserver.com\/wp-content\/uploads\/2014\/06\/05_03_Profilia-Schiebet\u00fcr-300x300.jpg\" alt=\"\" class=\"alignright size-medium wp-image-25\" width=\"300\" height=\"300\" srcset=\"https:\/\/weller-insektenschutz.de\/wp-content\/uploads\/2014\/06\/05_03_Profilia-Schiebet\u00fcr-300x300.jpg 300w, https:\/\/weller-insektenschutz.de\/wp-content\/uploads\/2014\/06\/05_03_Profilia-Schiebet\u00fcr-150x150.jpg 150w, https:\/\/weller-insektenschutz.de\/wp-content\/uploads\/2014\/06\/05_03_Profilia-Schiebet\u00fcr.jpg 980w\" sizes=\"(max-width: 300px) 100vw, 300px\" \/>Das unauff\u00e4llige Spannrahmensystem PROFILIA ist extrem vielseitig und bietet Ihnen passend zu jedem Ma\u00df zahlreiche Montagem\u00f6glichkeiten f\u00fcr Fenster, Dreh- und Schiebet\u00fcren aus Kunststoff, Holz, Aluminium oder Stahl.<\/p>\n<p>Ein gro\u00dfer Vorteil des Systems ist die geringe Rahmentiefe. Sie erm\u00f6glicht in den meisten F\u00e4llen sogar den Einsatz zwischen Fenster und Rollladen, ohne dabei die Bedienbarkeit des Rollladens zu beeinflussen.<\/p>\n<hr \/>\n<p><img loading=\"lazy\" decoding=\"async\" src=\"http:\/\/weller-insektenschutz.de.w01d5f36.kasserver.com\/wp-content\/uploads\/2014\/06\/04_01_Profilia_Fenster-300x300.jpg\" alt=\"\" class=\"alignleft size-medium wp-image-22\" width=\"300\" height=\"300\" srcset=\"https:\/\/weller-insektenschutz.de\/wp-content\/uploads\/2014\/06\/04_01_Profilia_Fenster-300x300.jpg 300w, https:\/\/weller-insektenschutz.de\/wp-content\/uploads\/2014\/06\/04_01_Profilia_Fenster-150x150.jpg 150w, https:\/\/weller-insektenschutz.de\/wp-content\/uploads\/2014\/06\/04_01_Profilia_Fenster.jpg 980w\" sizes=\"(max-width: 300px) 100vw, 300px\" \/>Die \u00e4u\u00dferst vielseitigen und preiswerten Spannrahmen lassen sich einfach und schnell \u00fcberall montieren. Besonders geeignet sind sie f\u00fcr Fenster, die lediglich zum L\u00fcften ge\u00f6ffnet oder gekippt werden m\u00fcssen. Und zum Reinigen des Fensterrahmens oder -bretts k\u00f6nnen Sie die Spannrahmen jederzeit kinderleicht entfernen.<\/p>\n<hr \/>\n<p><img loading=\"lazy\" decoding=\"async\" src=\"http:\/\/weller-insektenschutz.de.w01d5f36.kasserver.com\/wp-content\/uploads\/2014\/06\/07_02_Genius_T\u00fcr-212x300.jpg\" alt=\"\" class=\"alignright size-medium wp-image-42\" width=\"212\" height=\"300\" srcset=\"https:\/\/weller-insektenschutz.de\/wp-content\/uploads\/2014\/06\/07_02_Genius_T\u00fcr-212x300.jpg 212w, https:\/\/weller-insektenschutz.de\/wp-content\/uploads\/2014\/06\/07_02_Genius_T\u00fcr-724x1024.jpg 724w\" sizes=\"(max-width: 212px) 100vw, 212px\" \/>Speziell f\u00fcr gr\u00f6\u00dfere \u00d6ffnungen bzw. Anlagen wie Schiebet\u00fcren und Winterg\u00e4rten kommen die komfortablen Schiebeelemente zum Einsatz. S\u00e4mtliche Schiebeelemente sind mit verschlei\u00dfarmen Laufrollen ausgestattet. Dadurch sind die Rahmen nahezu wartungsfrei. Je nach Bedarf k\u00f6nnen 1- oder 2-fl\u00fcgelige Elemente mit oder ohne Einbaurahmen geliefert werden.<\/p>\n<hr \/>\n<p><img loading=\"lazy\" decoding=\"async\" src=\"http:\/\/weller-insektenschutz.de.w01d5f36.kasserver.com\/wp-content\/uploads\/2014\/06\/05_02_Profilia_Dreht\u00fcr-2-300x300.jpg\" alt=\"\" class=\"alignleft size-medium wp-image-19\" width=\"300\" height=\"300\" srcset=\"https:\/\/weller-insektenschutz.de\/wp-content\/uploads\/2014\/06\/05_02_Profilia_Dreht\u00fcr-2-300x300.jpg 300w, https:\/\/weller-insektenschutz.de\/wp-content\/uploads\/2014\/06\/05_02_Profilia_Dreht\u00fcr-2-150x150.jpg 150w, https:\/\/weller-insektenschutz.de\/wp-content\/uploads\/2014\/06\/05_02_Profilia_Dreht\u00fcr-2.jpg 426w\" sizes=\"(max-width: 300px) 100vw, 300px\" \/>Dreht\u00fcren sind die perfekte L\u00f6sung f\u00fcr alle Durchg\u00e4nge, die regelm\u00e4\u00dfig genutzt werden &#8211; z.B. Balkon- oder Terrassent\u00fcren. Auch hier ist die Montage ist v\u00f6llig problemlos: Die Drehrahmen m\u00fcssen einfach nur den jeweiligen T\u00fcrelementen angepasst werden. Dabei k\u00f6nnen die T\u00fcren direkt auf dem Blendrahmen oder mit einer Montagezarge eingebaut werden.<\/p>\n<hr \/>\n<table style=\"height: 150px; width: 100%; border-collapse: collapse; border-style: hidden; background-color: #ffffff;\" cellspacing=\"0\" cellpadding=\"0\" border=\"1\">\n<tbody>\n<tr style=\"height: 150px; border-style: none;\">\n<td style=\"width: 22.6667%; height: 35px; border-style: hidden; text-align: left; vertical-align: middle;\"><img loading=\"lazy\" decoding=\"async\" src=\"http:\/\/weller-insektenschutz.de.w01d5f36.kasserver.com\/wp-content\/uploads\/2018\/07\/03_01_Gewebe-150x150.jpg\" alt=\"\" class=\"size-thumbnail wp-image-351 alignleft\" width=\"150\" height=\"150\" \/><\/td>\n<td style=\"width: 27.5333%; height: 35px; border-style: hidden; vertical-align: middle; text-align: left;\"><span style=\"font-size: 12pt;\">Verschiedene Gewebe verf\u00fcgbar<\/span><\/td>\n<td style=\"width: 22.2665%; border-style: hidden; text-align: left; vertical-align: middle; height: 35px;\"><img loading=\"lazy\" decoding=\"async\" src=\"http:\/\/weller-insektenschutz.de.w01d5f36.kasserver.com\/wp-content\/uploads\/2018\/07\/03_02_Profile-150x150.jpg\" alt=\"\" class=\"size-thumbnail wp-image-352 alignleft\" width=\"150\" height=\"150\" \/><\/td>\n<td style=\"width: 27.6668%; height: 35px; border-style: hidden; vertical-align: middle; text-align: left;\"><span style=\"font-size: 12pt;\">In passender RAL-Farbe bestellbar<\/span><\/td>\n<\/tr>\n<\/tbody>\n<\/table>\n<hr \/>\n<h2><span style=\"font-size: 18pt;\">Montagebeispiele<\/span><\/h2>\n<p><a href=\"http:\/\/weller-insektenschutz.de.w01d5f36.kasserver.com\/wp-content\/uploads\/2014\/06\/04.jpg\"><img loading=\"lazy\" decoding=\"async\" src=\"http:\/\/weller-insektenschutz.de.w01d5f36.kasserver.com\/wp-content\/uploads\/2014\/06\/04-150x150.jpg\" alt=\"\" class=\"size-thumbnail wp-image-54 alignnone\" width=\"150\" height=\"150\" \/><\/a>\u00a0 <a href=\"http:\/\/weller-insektenschutz.de.w01d5f36.kasserver.com\/wp-content\/uploads\/2014\/06\/02.jpg\"><img loading=\"lazy\" decoding=\"async\" src=\"http:\/\/weller-insektenschutz.de.w01d5f36.kasserver.com\/wp-content\/uploads\/2014\/06\/02-150x150.jpg\" alt=\"\" class=\"size-thumbnail wp-image-53 alignnone\" width=\"150\" height=\"150\" \/>\u00a0\u00a0<\/a><a href=\"http:\/\/weller-insektenschutz.de.w01d5f36.kasserver.com\/wp-content\/uploads\/2014\/06\/10.jpg\"><img loading=\"lazy\" decoding=\"async\" src=\"http:\/\/weller-insektenschutz.de.w01d5f36.kasserver.com\/wp-content\/uploads\/2014\/06\/10-150x150.jpg\" alt=\"\" class=\"alignnone size-thumbnail wp-image-55\" width=\"150\" height=\"150\" \/>\u00a0\u00a0<\/a><a href=\"http:\/\/weller-insektenschutz.de.w01d5f36.kasserver.com\/wp-content\/uploads\/2018\/07\/01.jpg\"><img loading=\"lazy\" decoding=\"async\" src=\"http:\/\/weller-insektenschutz.de.w01d5f36.kasserver.com\/wp-content\/uploads\/2018\/07\/01-150x150.jpg\" alt=\"\" class=\"alignnone size-thumbnail wp-image-316\" width=\"150\" height=\"150\" \/><\/a><a href=\"http:\/\/weller-insektenschutz.de.w01d5f36.kasserver.com\/wp-content\/uploads\/2014\/06\/10.jpg\">\u00a0\u00a0<\/a><a href=\"http:\/\/weller-insektenschutz.de.w01d5f36.kasserver.com\/wp-content\/uploads\/2018\/07\/03-1.jpg\"><img loading=\"lazy\" decoding=\"async\" src=\"http:\/\/weller-insektenschutz.de.w01d5f36.kasserver.com\/wp-content\/uploads\/2018\/07\/03-1-150x150.jpg\" alt=\"\" class=\"alignnone size-thumbnail wp-image-318\" width=\"150\" height=\"150\" \/><\/a><a href=\"http:\/\/weller-insektenschutz.de.w01d5f36.kasserver.com\/wp-content\/uploads\/2014\/06\/10.jpg\">\u00a0\u00a0<\/a><a href=\"http:\/\/weller-insektenschutz.de.w01d5f36.kasserver.com\/wp-content\/uploads\/2018\/07\/05-1.jpg\"><img loading=\"lazy\" decoding=\"async\" src=\"http:\/\/weller-insektenschutz.de.w01d5f36.kasserver.com\/wp-content\/uploads\/2018\/07\/05-1-150x150.jpg\" alt=\"\" class=\"alignnone size-thumbnail wp-image-319\" width=\"150\" height=\"150\" \/><\/a><a href=\"http:\/\/weller-insektenschutz.de.w01d5f36.kasserver.com\/wp-content\/uploads\/2014\/06\/10.jpg\">\u00a0\u00a0<\/a><a href=\"http:\/\/weller-insektenschutz.de.w01d5f36.kasserver.com\/wp-content\/uploads\/2018\/07\/06.jpg\"><img loading=\"lazy\" decoding=\"async\" src=\"http:\/\/weller-insektenschutz.de.w01d5f36.kasserver.com\/wp-content\/uploads\/2018\/07\/06-150x150.jpg\" alt=\"\" class=\"alignnone size-thumbnail wp-image-320\" width=\"150\" height=\"150\" \/><\/a><a href=\"http:\/\/weller-insektenschutz.de.w01d5f36.kasserver.com\/wp-content\/uploads\/2014\/06\/10.jpg\">\u00a0\u00a0<\/a><a href=\"http:\/\/weller-insektenschutz.de.w01d5f36.kasserver.com\/wp-content\/uploads\/2018\/07\/07.jpg\"><img loading=\"lazy\" decoding=\"async\" src=\"http:\/\/weller-insektenschutz.de.w01d5f36.kasserver.com\/wp-content\/uploads\/2018\/07\/07-150x150.jpg\" alt=\"\" class=\"alignnone size-thumbnail wp-image-321\" width=\"150\" height=\"150\" \/><\/a><a href=\"http:\/\/weller-insektenschutz.de.w01d5f36.kasserver.com\/wp-content\/uploads\/2014\/06\/10.jpg\">\u00a0\u00a0<\/a><a href=\"http:\/\/weller-insektenschutz.de.w01d5f36.kasserver.com\/wp-content\/uploads\/2018\/07\/08.jpg\"><img loading=\"lazy\" decoding=\"async\" src=\"http:\/\/weller-insektenschutz.de.w01d5f36.kasserver.com\/wp-content\/uploads\/2018\/07\/08-150x150.jpg\" alt=\"\" class=\"alignnone size-thumbnail wp-image-322\" width=\"150\" height=\"150\" \/><\/a><a href=\"http:\/\/weller-insektenschutz.de.w01d5f36.kasserver.com\/wp-content\/uploads\/2014\/06\/10.jpg\">\u00a0\u00a0<\/a><a href=\"http:\/\/weller-insektenschutz.de.w01d5f36.kasserver.com\/wp-content\/uploads\/2018\/07\/09.jpg\"><img loading=\"lazy\" decoding=\"async\" src=\"http:\/\/weller-insektenschutz.de.w01d5f36.kasserver.com\/wp-content\/uploads\/2018\/07\/09-150x150.jpg\" alt=\"\" class=\"alignnone size-thumbnail wp-image-323\" width=\"150\" height=\"150\" \/><\/a><a href=\"http:\/\/weller-insektenschutz.de.w01d5f36.kasserver.com\/wp-content\/uploads\/2014\/06\/10.jpg\">\u00a0 <\/a><a href=\"http:\/\/weller-insektenschutz.de.w01d5f36.kasserver.com\/wp-content\/uploads\/2018\/07\/L\u00fccking-22.07.2006-002.jpg\"><img loading=\"lazy\" decoding=\"async\" src=\"http:\/\/weller-insektenschutz.de.w01d5f36.kasserver.com\/wp-content\/uploads\/2018\/07\/L\u00fccking-22.07.2006-002-150x150.jpg\" alt=\"\" class=\"alignnone size-thumbnail wp-image-325\" width=\"150\" height=\"150\" \/><\/a><a href=\"http:\/\/weller-insektenschutz.de.w01d5f36.kasserver.com\/wp-content\/uploads\/2014\/06\/10.jpg\">\u00a0\u00a0<\/a><a href=\"http:\/\/weller-insektenschutz.de.w01d5f36.kasserver.com\/wp-content\/uploads\/2018\/07\/NeubauerKalden1.jpg\"><img loading=\"lazy\" decoding=\"async\" src=\"http:\/\/weller-insektenschutz.de.w01d5f36.kasserver.com\/wp-content\/uploads\/2018\/07\/NeubauerKalden1-150x150.jpg\" alt=\"\" class=\"alignnone size-thumbnail wp-image-326\" width=\"150\" height=\"150\" \/>\u00a0\u00a0<\/a><a href=\"http:\/\/weller-insektenschutz.de.w01d5f36.kasserver.com\/wp-content\/uploads\/2018\/07\/NeubauerKalden2.jpg\"><img loading=\"lazy\" decoding=\"async\" src=\"http:\/\/weller-insektenschutz.de.w01d5f36.kasserver.com\/wp-content\/uploads\/2018\/07\/NeubauerKalden2-150x150.jpg\" alt=\"\" class=\"alignnone size-thumbnail wp-image-327\" width=\"150\" height=\"150\" \/><\/a><a href=\"http:\/\/weller-insektenschutz.de.w01d5f36.kasserver.com\/wp-content\/uploads\/2018\/07\/NeubauerKalden1.jpg\">\u00a0\u00a0<\/a><a href=\"https:\/\/weller-insektenschutz.de.w01d5f36.kasserver.com\/wp-content\/uploads\/2022\/11\/10.2011-060-scaled.jpg\"><img loading=\"lazy\" decoding=\"async\" src=\"https:\/\/weller-insektenschutz.de.w01d5f36.kasserver.com\/wp-content\/uploads\/2022\/11\/10.2011-060-150x150.jpg\" alt=\"\" class=\"alignnone wp-image-542 size-thumbnail\" width=\"150\" height=\"150\" \/><\/a><a href=\"http:\/\/weller-insektenschutz.de.w01d5f36.kasserver.com\/wp-content\/uploads\/2018\/07\/NeubauerKalden1.jpg\">\u00a0\u00a0<\/a><a href=\"https:\/\/weller-insektenschutz.de.w01d5f36.kasserver.com\/wp-content\/uploads\/2022\/11\/10.2011-061-scaled.jpg\"><img loading=\"lazy\" decoding=\"async\" src=\"https:\/\/weller-insektenschutz.de.w01d5f36.kasserver.com\/wp-content\/uploads\/2022\/11\/10.2011-061-150x150.jpg\" alt=\"\" class=\"alignnone wp-image-543 size-thumbnail\" width=\"150\" height=\"150\" \/><\/a><a href=\"http:\/\/weller-insektenschutz.de.w01d5f36.kasserver.com\/wp-content\/uploads\/2018\/07\/NeubauerKalden1.jpg\">\u00a0\u00a0<\/a><a href=\"https:\/\/weller-insektenschutz.de.w01d5f36.kasserver.com\/wp-content\/uploads\/2022\/11\/10.2011-061-scaled.jpg\"><\/a><a href=\"https:\/\/weller-insektenschutz.de.w01d5f36.kasserver.com\/wp-content\/uploads\/2022\/11\/10.2011-065-scaled.jpg\"><img loading=\"lazy\" decoding=\"async\" src=\"https:\/\/weller-insektenschutz.de.w01d5f36.kasserver.com\/wp-content\/uploads\/2022\/11\/10.2011-065-150x150.jpg\" alt=\"\" class=\"alignnone wp-image-548 size-thumbnail\" width=\"150\" height=\"150\" \/><\/a><a href=\"http:\/\/weller-insektenschutz.de.w01d5f36.kasserver.com\/wp-content\/uploads\/2018\/07\/NeubauerKalden1.jpg\">\u00a0\u00a0<\/a><a href=\"https:\/\/weller-insektenschutz.de.w01d5f36.kasserver.com\/wp-content\/uploads\/2022\/11\/20190607_114058-scaled.jpg\"><img loading=\"lazy\" decoding=\"async\" src=\"https:\/\/weller-insektenschutz.de.w01d5f36.kasserver.com\/wp-content\/uploads\/2022\/11\/20190607_114058-150x150.jpg\" alt=\"\" class=\"alignnone wp-image-549 size-thumbnail\" width=\"150\" height=\"150\" \/><\/a><a href=\"https:\/\/weller-insektenschutz.de.w01d5f36.kasserver.com\/wp-content\/uploads\/2022\/11\/10.2011-061-scaled.jpg\"><\/a><a href=\"http:\/\/weller-insektenschutz.de.w01d5f36.kasserver.com\/wp-content\/uploads\/2018\/07\/NeubauerKalden1.jpg\">\u00a0\u00a0<\/a><a href=\"https:\/\/weller-insektenschutz.de.w01d5f36.kasserver.com\/wp-content\/uploads\/2022\/11\/Profilia1-scaled.jpg\"><img loading=\"lazy\" decoding=\"async\" src=\"https:\/\/weller-insektenschutz.de.w01d5f36.kasserver.com\/wp-content\/uploads\/2022\/11\/Profilia1-150x150.jpg\" alt=\"\" class=\"alignnone wp-image-550 size-thumbnail\" width=\"150\" height=\"150\" \/><\/a><a href=\"http:\/\/weller-insektenschutz.de.w01d5f36.kasserver.com\/wp-content\/uploads\/2018\/07\/NeubauerKalden1.jpg\">\u00a0\u00a0<\/a><a href=\"https:\/\/weller-insektenschutz.de.w01d5f36.kasserver.com\/wp-content\/uploads\/2022\/11\/Profilia2-scaled.jpg\"><img loading=\"lazy\" decoding=\"async\" src=\"https:\/\/weller-insektenschutz.de.w01d5f36.kasserver.com\/wp-content\/uploads\/2022\/11\/Profilia2-150x150.jpg\" alt=\"\" class=\"alignnone wp-image-551 size-thumbnail\" width=\"150\" height=\"150\" \/><\/a><a href=\"http:\/\/weller-insektenschutz.de.w01d5f36.kasserver.com\/wp-content\/uploads\/2018\/07\/NeubauerKalden1.jpg\">\u00a0\u00a0<\/a><a href=\"https:\/\/weller-insektenschutz.de.w01d5f36.kasserver.com\/wp-content\/uploads\/2022\/11\/Profilia3-scaled.jpg\"><img loading=\"lazy\" decoding=\"async\" src=\"https:\/\/weller-insektenschutz.de.w01d5f36.kasserver.com\/wp-content\/uploads\/2022\/11\/Profilia3-150x150.jpg\" alt=\"\" class=\"alignnone wp-image-552 size-thumbnail\" width=\"150\" height=\"150\" \/><\/a><a href=\"http:\/\/weller-insektenschutz.de.w01d5f36.kasserver.com\/wp-content\/uploads\/2018\/07\/NeubauerKalden1.jpg\">\u00a0\u00a0<\/a><a href=\"https:\/\/weller-insektenschutz.de.w01d5f36.kasserver.com\/wp-content\/uploads\/2022\/11\/Profilia4-scaled.jpg\"><img loading=\"lazy\" decoding=\"async\" src=\"https:\/\/weller-insektenschutz.de.w01d5f36.kasserver.com\/wp-content\/uploads\/2022\/11\/Profilia4-150x150.jpg\" alt=\"\" class=\"alignnone wp-image-553 size-thumbnail\" width=\"150\" height=\"150\" \/><\/a><a href=\"http:\/\/weller-insektenschutz.de.w01d5f36.kasserver.com\/wp-content\/uploads\/2018\/07\/NeubauerKalden1.jpg\">\u00a0\u00a0<\/a><a href=\"https:\/\/weller-insektenschutz.de.w01d5f36.kasserver.com\/wp-content\/uploads\/2022\/11\/SF74-Kreis-scaled.jpg\"><img loading=\"lazy\" decoding=\"async\" src=\"https:\/\/weller-insektenschutz.de.w01d5f36.kasserver.com\/wp-content\/uploads\/2022\/11\/SF74-Kreis-150x150.jpg\" alt=\"\" class=\"alignnone wp-image-554 size-thumbnail\" width=\"150\" height=\"150\" \/><\/a><\/p>\n<hr \/>\n<p><img loading=\"lazy\" decoding=\"async\" src=\"http:\/\/weller-insektenschutz.de.w01d5f36.kasserver.com\/wp-content\/uploads\/2014\/06\/1400_400_header.jpg\" alt=\"\" class=\"aligncenter wp-image-159 size-full\" width=\"1400\" height=\"400\" srcset=\"https:\/\/weller-insektenschutz.de\/wp-content\/uploads\/2014\/06\/1400_400_header.jpg 1400w, https:\/\/weller-insektenschutz.de\/wp-content\/uploads\/2014\/06\/1400_400_header-300x85.jpg 300w, https:\/\/weller-insektenschutz.de\/wp-content\/uploads\/2014\/06\/1400_400_header-1024x292.jpg 1024w\" sizes=\"(max-width: 1400px) 100vw, 1400px\" \/><\/p>\n","protected":false},"excerpt":{"rendered":"<p>Das unauff\u00e4llige Spannrahmensystem PROFILIA ist extrem vielseitig und bietet Ihnen passend zu jedem Ma\u00df zahlreiche Montagem\u00f6glichkeiten f\u00fcr Fenster, Dreh- und Schiebet\u00fcren aus Kunststoff, Holz, Aluminium oder Stahl. Ein gro\u00dfer Vorteil des Systems ist die geringe Rahmentiefe. Sie erm\u00f6glicht in den meisten F\u00e4llen sogar den Einsatz zwischen Fenster und Rollladen, ohne<\/p>\n","protected":false},"author":1,"featured_media":0,"parent":0,"menu_order":0,"comment_status":"closed","ping_status":"closed","template":"","meta":{"footnotes":""},"_links":{"self":[{"href":"https:\/\/weller-insektenschutz.de\/index.php?rest_route=\/wp\/v2\/pages\/261"}],"collection":[{"href":"https:\/\/weller-insektenschutz.de\/index.php?rest_route=\/wp\/v2\/pages"}],"about":[{"href":"https:\/\/weller-insektenschutz.de\/index.php?rest_route=\/wp\/v2\/types\/page"}],"author":[{"embeddable":true,"href":"https:\/\/weller-insektenschutz.de\/index.php?rest_route=\/wp\/v2\/users\/1"}],"replies":[{"embeddable":true,"href":"https:\/\/weller-insektenschutz.de\/index.php?rest_route=%2Fwp%2Fv2%2Fcomments&post=261"}],"version-history":[{"count":31,"href":"https:\/\/weller-insektenschutz.de\/index.php?rest_route=\/wp\/v2\/pages\/261\/revisions"}],"predecessor-version":[{"id":556,"href":"https:\/\/weller-insektenschutz.de\/index.php?rest_route=\/wp\/v2\/pages\/261\/revisions\/556"}],"wp:attachment":[{"href":"https:\/\/weller-insektenschutz.de\/index.php?rest_route=%2Fwp%2Fv2%2Fmedia&parent=261"}],"curies":[{"name":"wp","href":"https:\/\/api.w.org\/{rel}","templated":true}]}}