{"id":265,"date":"2018-07-28T14:01:40","date_gmt":"2018-07-28T14:01:40","guid":{"rendered":"http:\/\/weller-insektenschutz.de.w01d5f36.kasserver.com\/?page_id=265"},"modified":"2021-09-19T09:49:43","modified_gmt":"2021-09-19T09:49:43","slug":"system-amerika","status":"publish","type":"page","link":"https:\/\/weller-insektenschutz.de\/?page_id=265","title":{"rendered":"System America"},"content":{"rendered":"<p><img loading=\"lazy\" decoding=\"async\" src=\"http:\/\/weller-insektenschutz.de.w01d5f36.kasserver.com\/wp-content\/uploads\/2014\/06\/01-139x300.jpg\" alt=\"\" class=\"alignleft size-medium wp-image-59\" width=\"139\" height=\"300\" srcset=\"https:\/\/weller-insektenschutz.de\/wp-content\/uploads\/2014\/06\/01-139x300.jpg 139w, https:\/\/weller-insektenschutz.de\/wp-content\/uploads\/2014\/06\/01-475x1024.jpg 475w, https:\/\/weller-insektenschutz.de\/wp-content\/uploads\/2014\/06\/01.jpg 537w\" sizes=\"(max-width: 139px) 100vw, 139px\" \/>System AMERICA ist ein besonders stabiles Dreht\u00fcrsystem mit Zarge. Durch die hohe Stabilit\u00e4t des Aluminium-Rahmens kann es vor Haust\u00fcren, Terrassent\u00fcren und Durchg\u00e4ngen, die h\u00e4ufig benutzt werden, eingesetzt werden.<\/p>\n<p>AMERICA kann von der einfachen Dreht\u00fcr bis zur 4-fachen Faltt\u00fcr gefertigt werden.<\/p>\n<ul>\n<li><span style=\"font-size: 14pt;\">Breite ab 700 mm bis 1200 mm pro Fl\u00fcgel<\/span><\/li>\n<li><span style=\"font-size: 14pt;\">H\u00f6he max. 2600 mm<\/span><\/li>\n<li><span style=\"font-size: 14pt;\">optional mit festem Oberlicht und\/oder festem Seitenteil<\/span><\/li>\n<\/ul>\n<p>&nbsp;<\/p>\n<hr \/>\n<table style=\"height: 150px; width: 100%; border-collapse: collapse; border-style: hidden; background-color: #ffffff;\" cellspacing=\"0\" cellpadding=\"0\" border=\"1\">\n<tbody>\n<tr style=\"height: 150px; border-style: none;\">\n<td style=\"width: 22.6667%; height: 35px; border-style: hidden; text-align: left; vertical-align: middle;\"><img loading=\"lazy\" decoding=\"async\" src=\"http:\/\/weller-insektenschutz.de.w01d5f36.kasserver.com\/wp-content\/uploads\/2018\/07\/03_01_Gewebe-150x150.jpg\" alt=\"\" class=\"size-thumbnail wp-image-351 alignleft\" width=\"150\" height=\"150\" \/><\/td>\n<td style=\"width: 27.5333%; height: 35px; border-style: hidden; vertical-align: middle; text-align: left;\"><span style=\"font-size: 12pt;\">Verschiedene Gewebe verf\u00fcgbar<\/span><\/td>\n<td style=\"width: 22.2665%; border-style: hidden; text-align: left; vertical-align: middle; height: 35px;\"><img loading=\"lazy\" decoding=\"async\" src=\"http:\/\/weller-insektenschutz.de.w01d5f36.kasserver.com\/wp-content\/uploads\/2018\/07\/03_02_Profile-150x150.jpg\" alt=\"\" class=\"size-thumbnail wp-image-352 alignleft\" width=\"150\" height=\"150\" \/><\/td>\n<td style=\"width: 27.6668%; height: 35px; border-style: hidden; vertical-align: middle; text-align: left;\"><span style=\"font-size: 12pt;\">In passender RAL-Farbe bestellbar<\/span><\/td>\n<\/tr>\n<\/tbody>\n<\/table>\n<p>&nbsp;<\/p>\n<hr \/>\n<h2><span style=\"font-size: 18pt;\">Montagebeispiele<\/span><\/h2>\n<p><a href=\"http:\/\/weller-insektenschutz.de.w01d5f36.kasserver.com\/wp-content\/uploads\/2014\/06\/01.jpg\"><img loading=\"lazy\" decoding=\"async\" src=\"http:\/\/weller-insektenschutz.de.w01d5f36.kasserver.com\/wp-content\/uploads\/2014\/06\/01-150x150.jpg\" alt=\"\" class=\"alignnone size-thumbnail wp-image-59\" width=\"150\" height=\"150\" \/><\/a>\u00a0 <a href=\"http:\/\/weller-insektenschutz.de.w01d5f36.kasserver.com\/wp-content\/uploads\/2018\/07\/02.jpg\"><img loading=\"lazy\" decoding=\"async\" src=\"http:\/\/weller-insektenschutz.de.w01d5f36.kasserver.com\/wp-content\/uploads\/2018\/07\/02-150x150.jpg\" alt=\"\" class=\"alignnone size-thumbnail wp-image-304\" width=\"150\" height=\"150\" \/><\/a>\u00a0 <a href=\"http:\/\/weller-insektenschutz.de.w01d5f36.kasserver.com\/wp-content\/uploads\/2018\/07\/IMG_3976.jpg\"><img loading=\"lazy\" decoding=\"async\" src=\"http:\/\/weller-insektenschutz.de.w01d5f36.kasserver.com\/wp-content\/uploads\/2018\/07\/IMG_3976-150x150.jpg\" alt=\"\" class=\"alignnone size-thumbnail wp-image-306\" width=\"150\" height=\"150\" \/><\/a><\/p>\n<p>&nbsp;<\/p>\n<hr \/>\n<p><img loading=\"lazy\" decoding=\"async\" src=\"http:\/\/weller-insektenschutz.de.w01d5f36.kasserver.com\/wp-content\/uploads\/2014\/06\/1400_400_header.jpg\" alt=\"\" class=\"aligncenter wp-image-159 size-full\" width=\"1400\" height=\"400\" srcset=\"https:\/\/weller-insektenschutz.de\/wp-content\/uploads\/2014\/06\/1400_400_header.jpg 1400w, https:\/\/weller-insektenschutz.de\/wp-content\/uploads\/2014\/06\/1400_400_header-300x85.jpg 300w, https:\/\/weller-insektenschutz.de\/wp-content\/uploads\/2014\/06\/1400_400_header-1024x292.jpg 1024w\" sizes=\"(max-width: 1400px) 100vw, 1400px\" \/><\/p>\n","protected":false},"excerpt":{"rendered":"<p>System AMERICA ist ein besonders stabiles Dreht\u00fcrsystem mit Zarge. Durch die hohe Stabilit\u00e4t des Aluminium-Rahmens kann es vor Haust\u00fcren, Terrassent\u00fcren und Durchg\u00e4ngen, die h\u00e4ufig benutzt werden, eingesetzt werden. AMERICA kann von der einfachen Dreht\u00fcr bis zur 4-fachen Faltt\u00fcr gefertigt werden. Breite ab 700 mm bis 1200 mm pro Fl\u00fcgel H\u00f6he<\/p>\n","protected":false},"author":1,"featured_media":0,"parent":0,"menu_order":0,"comment_status":"closed","ping_status":"closed","template":"","meta":{"footnotes":""},"_links":{"self":[{"href":"https:\/\/weller-insektenschutz.de\/index.php?rest_route=\/wp\/v2\/pages\/265"}],"collection":[{"href":"https:\/\/weller-insektenschutz.de\/index.php?rest_route=\/wp\/v2\/pages"}],"about":[{"href":"https:\/\/weller-insektenschutz.de\/index.php?rest_route=\/wp\/v2\/types\/page"}],"author":[{"embeddable":true,"href":"https:\/\/weller-insektenschutz.de\/index.php?rest_route=\/wp\/v2\/users\/1"}],"replies":[{"embeddable":true,"href":"https:\/\/weller-insektenschutz.de\/index.php?rest_route=%2Fwp%2Fv2%2Fcomments&post=265"}],"version-history":[{"count":7,"href":"https:\/\/weller-insektenschutz.de\/index.php?rest_route=\/wp\/v2\/pages\/265\/revisions"}],"predecessor-version":[{"id":373,"href":"https:\/\/weller-insektenschutz.de\/index.php?rest_route=\/wp\/v2\/pages\/265\/revisions\/373"}],"wp:attachment":[{"href":"https:\/\/weller-insektenschutz.de\/index.php?rest_route=%2Fwp%2Fv2%2Fmedia&parent=265"}],"curies":[{"name":"wp","href":"https:\/\/api.w.org\/{rel}","templated":true}]}}