{"id":271,"date":"2018-07-28T14:09:32","date_gmt":"2018-07-28T14:09:32","guid":{"rendered":"http:\/\/weller-insektenschutz.de.w01d5f36.kasserver.com\/?page_id=271"},"modified":"2021-09-19T09:30:56","modified_gmt":"2021-09-19T09:30:56","slug":"system-is-rollo","status":"publish","type":"page","link":"https:\/\/weller-insektenschutz.de\/?page_id=271","title":{"rendered":"System IS-Rollo"},"content":{"rendered":"<p><span style=\"font-size: 14pt;\"><img loading=\"lazy\" decoding=\"async\" src=\"http:\/\/weller-insektenschutz.de.w01d5f36.kasserver.com\/wp-content\/uploads\/2014\/06\/06_01_Genius_Fenster-212x300.jpg\" alt=\"\" class=\"alignleft size-medium wp-image-39\" width=\"212\" height=\"300\" srcset=\"https:\/\/weller-insektenschutz.de\/wp-content\/uploads\/2014\/06\/06_01_Genius_Fenster-212x300.jpg 212w, https:\/\/weller-insektenschutz.de\/wp-content\/uploads\/2014\/06\/06_01_Genius_Fenster-724x1024.jpg 724w\" sizes=\"(max-width: 212px) 100vw, 212px\" \/>Das Insektenschutz-Rollosystem IS13 eignet sich f\u00fcr Fenster, Dachfenster, sowie ein- und zweifl\u00fcgelige T\u00fcranlagen. Je nach Bedarf k\u00f6nnen die Rollos auf oder in der Laibung montiert werden. Die ausgereifte Technik des Systems IS13-Rollo sorgt f\u00fcr eine optimale Bedienbarkeit. <\/span><\/p>\n<p><span style=\"font-size: 14pt;\">Die stabilen, 35 mm breiten F\u00fchrungsschienen mit eingezogenen B\u00fcrstendichtungen halten das Gewebe straff, sogar bei der Montage als Dachfenster-Rollo.<\/span><\/p>\n<p><span style=\"font-size: 14pt;\">Eine speziell konstruierte Einrollbremse verhindert das pl\u00f6tzliche Hochschnellen Ihres Insektenschutz-Rollos. Die Bespannung des Rollos besteht aus einen strapazierf\u00e4higen und witterungsbest\u00e4ndigen Fiberglasgewebe &#8211; die Garantie f\u00fcr eine lange Lebensdauer. <\/span><\/p>\n<p><span style=\"font-size: 14pt;\">Und falls Sie das Insektenschutz-Rollo nicht ben\u00f6tigen, k\u00f6nnen Sie es einfach im platzsparenden Rollokasten verschwinden lassen.<\/span><\/p>\n<p><span style=\"font-size: 14pt;\">Die Vorteile von IS13:<\/span><\/p>\n<ul>\n<li><span style=\"font-size: 14pt;\">stabile und formsch\u00f6ne Profile<\/span><\/li>\n<li><span style=\"font-size: 14pt;\">in allen RAL-Farben lieferbar<\/span><\/li>\n<li><span style=\"font-size: 14pt;\">unauff\u00e4llige Optik<\/span><\/li>\n<li><span style=\"font-size: 14pt;\">einfache Bedienung<\/span><\/li>\n<li><span style=\"font-size: 14pt;\">hochwertige und strapazierf\u00e4hige Materialien<\/span><\/li>\n<li><span style=\"font-size: 14pt;\">flexibel in jede T\u00fcr oder jedes Fenster nachr\u00fcstbar<\/span><\/li>\n<\/ul>\n<p>In der Laibung &#8211; auf der Laibung &#8211; als Linksroller &#8211; als Rechtsroller<\/p>\n<p>Das IS13-Rollo ist in nahezu jeder Einbausituation einsetzbar. Das anspruchsvolle Design, der hohe Bedienkomfort und die hochwertige Verarbeitung machen aus Ihrem Rollo ein Spitzenprodukt.<\/p>\n<hr \/>\n<p><span><img loading=\"lazy\" decoding=\"async\" src=\"http:\/\/weller-insektenschutz.de.w01d5f36.kasserver.com\/wp-content\/uploads\/2014\/06\/07_02_Genius_T\u00fcr-212x300.jpg\" alt=\"\" class=\"alignright size-medium wp-image-42\" width=\"212\" height=\"300\" srcset=\"https:\/\/weller-insektenschutz.de\/wp-content\/uploads\/2014\/06\/07_02_Genius_T\u00fcr-212x300.jpg 212w, https:\/\/weller-insektenschutz.de\/wp-content\/uploads\/2014\/06\/07_02_Genius_T\u00fcr-724x1024.jpg 724w\" sizes=\"(max-width: 212px) 100vw, 212px\" \/><\/span>Das IS13 Insektenschutz-Rollo l\u00e4sst sich auch an 1- oder 2-fl\u00fcgelige T\u00fcren montieren: bei 1-fl\u00fcgeligen T\u00fcren bis zu einer Breite von 1400 mm, bei 2-fl\u00fcgeligen T\u00fcren bis zu einer Breite von 2800 mm, und das bei einer maximalen H\u00f6he von 2500 mm.<\/p>\n<p>Und bei Nichtgebrauch verschwindet es einfach in der senkrechten T\u00fcrkassette.<\/p>\n<hr \/>\n<p><span><img loading=\"lazy\" decoding=\"async\" src=\"http:\/\/weller-insektenschutz.de.w01d5f36.kasserver.com\/wp-content\/uploads\/2014\/06\/07_03_Genius_Dachfenster-212x300.jpg\" alt=\"\" class=\"alignleft size-medium wp-image-46\" width=\"212\" height=\"300\" srcset=\"https:\/\/weller-insektenschutz.de\/wp-content\/uploads\/2014\/06\/07_03_Genius_Dachfenster-212x300.jpg 212w, https:\/\/weller-insektenschutz.de\/wp-content\/uploads\/2014\/06\/07_03_Genius_Dachfenster-724x1024.jpg 724w\" sizes=\"(max-width: 212px) 100vw, 212px\" \/><\/span>Auch f\u00fcr Dachfenster ist das System IS13 bestens geeignet. Es l\u00e4sst sich unter der Dachschr\u00e4ge montieren, so dass man den Schwingfl\u00fcgel noch komplett \u00f6ffnen kann. (Nat\u00fcrlich nur bei eingefahrenem Rollo)<\/p>\n<p>Bei Dachfenstern mit Drehpunkt oben kann das Rollo auch in der Fensterlaibung montiert werden. Dann aber mit einem zus\u00e4tzlichen Montagerahmen, der es erm\u00f6glicht, den Insektenschutz problemlos heraus zu nehmen.<\/p>\n<hr \/>\n<table style=\"height: 150px; width: 100%; border-collapse: collapse; border-style: hidden; background-color: #ffffff;\" cellspacing=\"0\" cellpadding=\"0\" border=\"1\">\n<tbody>\n<tr style=\"height: 150px; border-style: none;\">\n<td style=\"width: 22.6667%; height: 35px; border-style: hidden; text-align: left; vertical-align: middle;\"><img loading=\"lazy\" decoding=\"async\" src=\"http:\/\/weller-insektenschutz.de.w01d5f36.kasserver.com\/wp-content\/uploads\/2018\/07\/03_01_Gewebe-150x150.jpg\" alt=\"\" class=\"size-thumbnail wp-image-351 alignleft\" width=\"150\" height=\"150\" \/><\/td>\n<td style=\"width: 27.5333%; height: 35px; border-style: hidden; vertical-align: middle; text-align: left;\"><span style=\"font-size: 12pt;\">Verschiedene Gewebe verf\u00fcgbar<\/span><\/td>\n<td style=\"width: 22.2665%; border-style: hidden; text-align: left; vertical-align: middle; height: 35px;\"><img loading=\"lazy\" decoding=\"async\" src=\"http:\/\/weller-insektenschutz.de.w01d5f36.kasserver.com\/wp-content\/uploads\/2018\/07\/03_02_Profile-150x150.jpg\" alt=\"\" class=\"size-thumbnail wp-image-352 alignleft\" width=\"150\" height=\"150\" \/><\/td>\n<td style=\"width: 27.6668%; height: 35px; border-style: hidden; vertical-align: middle; text-align: left;\"><span style=\"font-size: 12pt;\">In passender RAL-Farbe bestellbar<\/span><\/td>\n<\/tr>\n<\/tbody>\n<\/table>\n<p>&nbsp;<\/p>\n<hr \/>\n<h2><span style=\"font-size: 18pt;\">Montagebeispiele<\/span><\/h2>\n<p><a href=\"http:\/\/weller-insektenschutz.de.w01d5f36.kasserver.com\/wp-content\/uploads\/2014\/06\/07_03_Genius_Dachfenster.jpg\"><img loading=\"lazy\" decoding=\"async\" src=\"http:\/\/weller-insektenschutz.de.w01d5f36.kasserver.com\/wp-content\/uploads\/2014\/06\/07_03_Genius_Dachfenster-150x150.jpg\" alt=\"\" class=\"alignnone size-thumbnail wp-image-46\" width=\"150\" height=\"150\" \/>\u00a0\u00a0<\/a><a href=\"http:\/\/weller-insektenschutz.de.w01d5f36.kasserver.com\/wp-content\/uploads\/2014\/06\/06_01_Genius_Fenster.jpg\"><img loading=\"lazy\" decoding=\"async\" src=\"http:\/\/weller-insektenschutz.de.w01d5f36.kasserver.com\/wp-content\/uploads\/2014\/06\/06_01_Genius_Fenster-150x150.jpg\" alt=\"\" class=\"alignnone size-thumbnail wp-image-39\" width=\"150\" height=\"150\" \/>\u00a0\u00a0<\/a><a href=\"http:\/\/weller-insektenschutz.de.w01d5f36.kasserver.com\/wp-content\/uploads\/2014\/06\/07_02_Genius_T\u00fcr.jpg\"><img loading=\"lazy\" decoding=\"async\" src=\"http:\/\/weller-insektenschutz.de.w01d5f36.kasserver.com\/wp-content\/uploads\/2014\/06\/07_02_Genius_T\u00fcr-150x150.jpg\" alt=\"\" class=\"alignnone size-thumbnail wp-image-42\" width=\"150\" height=\"150\" \/>\u00a0\u00a0<\/a><a href=\"http:\/\/weller-insektenschutz.de.w01d5f36.kasserver.com\/wp-content\/uploads\/2014\/06\/06_01_Genius_Fenster.jpg\"><\/a><\/p>\n<hr \/>\n<p><img loading=\"lazy\" decoding=\"async\" src=\"http:\/\/weller-insektenschutz.de.w01d5f36.kasserver.com\/wp-content\/uploads\/2014\/06\/1400_400_header.jpg\" alt=\"\" class=\"aligncenter wp-image-159 size-full\" width=\"1400\" height=\"400\" srcset=\"https:\/\/weller-insektenschutz.de\/wp-content\/uploads\/2014\/06\/1400_400_header.jpg 1400w, https:\/\/weller-insektenschutz.de\/wp-content\/uploads\/2014\/06\/1400_400_header-300x85.jpg 300w, https:\/\/weller-insektenschutz.de\/wp-content\/uploads\/2014\/06\/1400_400_header-1024x292.jpg 1024w\" sizes=\"(max-width: 1400px) 100vw, 1400px\" \/><\/p>\n","protected":false},"excerpt":{"rendered":"<p>Das Insektenschutz-Rollosystem IS13 eignet sich f\u00fcr Fenster, Dachfenster, sowie ein- und zweifl\u00fcgelige T\u00fcranlagen. Je nach Bedarf k\u00f6nnen die Rollos auf oder in der Laibung montiert werden. Die ausgereifte Technik des Systems IS13-Rollo sorgt f\u00fcr eine optimale Bedienbarkeit. Die stabilen, 35 mm breiten F\u00fchrungsschienen mit eingezogenen B\u00fcrstendichtungen halten das Gewebe straff,<\/p>\n","protected":false},"author":1,"featured_media":0,"parent":0,"menu_order":0,"comment_status":"closed","ping_status":"closed","template":"","meta":{"footnotes":""},"_links":{"self":[{"href":"https:\/\/weller-insektenschutz.de\/index.php?rest_route=\/wp\/v2\/pages\/271"}],"collection":[{"href":"https:\/\/weller-insektenschutz.de\/index.php?rest_route=\/wp\/v2\/pages"}],"about":[{"href":"https:\/\/weller-insektenschutz.de\/index.php?rest_route=\/wp\/v2\/types\/page"}],"author":[{"embeddable":true,"href":"https:\/\/weller-insektenschutz.de\/index.php?rest_route=\/wp\/v2\/users\/1"}],"replies":[{"embeddable":true,"href":"https:\/\/weller-insektenschutz.de\/index.php?rest_route=%2Fwp%2Fv2%2Fcomments&post=271"}],"version-history":[{"count":8,"href":"https:\/\/weller-insektenschutz.de\/index.php?rest_route=\/wp\/v2\/pages\/271\/revisions"}],"predecessor-version":[{"id":395,"href":"https:\/\/weller-insektenschutz.de\/index.php?rest_route=\/wp\/v2\/pages\/271\/revisions\/395"}],"wp:attachment":[{"href":"https:\/\/weller-insektenschutz.de\/index.php?rest_route=%2Fwp%2Fv2%2Fmedia&parent=271"}],"curies":[{"name":"wp","href":"https:\/\/api.w.org\/{rel}","templated":true}]}}