{"id":297,"date":"2018-07-29T07:20:26","date_gmt":"2018-07-29T07:20:26","guid":{"rendered":"http:\/\/weller-insektenschutz.de.w01d5f36.kasserver.com\/?page_id=297"},"modified":"2021-09-19T09:43:35","modified_gmt":"2021-09-19T09:43:35","slug":"system-plisse","status":"publish","type":"page","link":"https:\/\/weller-insektenschutz.de\/?page_id=297","title":{"rendered":"System Pliss\u00e9"},"content":{"rendered":"<p><img loading=\"lazy\" decoding=\"async\" src=\"http:\/\/weller-insektenschutz.de.w01d5f36.kasserver.com\/wp-content\/uploads\/2014\/06\/041-300x198.jpg\" alt=\"\" class=\"alignleft size-medium wp-image-62\" width=\"300\" height=\"198\" srcset=\"https:\/\/weller-insektenschutz.de\/wp-content\/uploads\/2014\/06\/041-300x198.jpg 300w, https:\/\/weller-insektenschutz.de\/wp-content\/uploads\/2014\/06\/041.jpg 694w\" sizes=\"(max-width: 300px) 100vw, 300px\" \/>System PLISSE`40 ist ein barrierefreies Insektenschutz-Faltsystem f\u00fcr die vertikale Montage. Die patentierte Technik garantiert eine unver\u00e4nderte Faltung und Stabilit\u00e4t \u00fcber viele Jahre. Besonders geeignet ist PLISSE`40 f\u00fcr gro\u00dfe \u00d6ffnungen, da bis zu 4 Anlagen verkettet werden k\u00f6nnen. Die untere F\u00fchrung aus grauem Kunststoff ist nur 5 mm hoch und 38 mm breit. F\u00fcr besonders stark beanspruchte Durchg\u00e4nge ist sie auch aus Aluminium sowie in einer 7\u00b0 schr\u00e4gen Ausf\u00fchrung erh\u00e4ltlich.<\/p>\n<hr \/>\n<table style=\"height: 150px; width: 100%; border-collapse: collapse; border-style: hidden; background-color: #ffffff;\" cellspacing=\"0\" cellpadding=\"0\" border=\"1\">\n<tbody>\n<tr style=\"height: 150px; border-style: none;\">\n<td style=\"width: 22.6667%; height: 35px; border-style: hidden; text-align: left; vertical-align: middle;\"><img loading=\"lazy\" decoding=\"async\" src=\"http:\/\/weller-insektenschutz.de.w01d5f36.kasserver.com\/wp-content\/uploads\/2018\/07\/03_01_Gewebe-150x150.jpg\" alt=\"\" class=\"size-thumbnail wp-image-351 alignleft\" width=\"150\" height=\"150\" \/><\/td>\n<td style=\"width: 27.5333%; height: 35px; border-style: hidden; vertical-align: middle; text-align: left;\"><span style=\"font-size: 12pt;\">Gewebe in grau und schwarz verf\u00fcgbar<\/span><\/td>\n<td style=\"width: 22.2665%; border-style: hidden; text-align: left; vertical-align: middle; height: 35px;\"><img loading=\"lazy\" decoding=\"async\" src=\"http:\/\/weller-insektenschutz.de.w01d5f36.kasserver.com\/wp-content\/uploads\/2018\/07\/03_02_Profile-150x150.jpg\" alt=\"\" class=\"size-thumbnail wp-image-352 alignleft\" width=\"150\" height=\"150\" \/><\/td>\n<td style=\"width: 27.6668%; height: 35px; border-style: hidden; vertical-align: middle; text-align: left;\"><span style=\"font-size: 12pt;\">In passender RAL-Farbe bestellbar<\/span><\/td>\n<\/tr>\n<\/tbody>\n<\/table>\n<p>&nbsp;<\/p>\n<hr \/>\n<h2><span style=\"font-size: 18pt;\">Montagebeispiele PLISSE\u00b440<br \/>\n<\/span><\/h2>\n<p>&nbsp;<\/p>\n<p><a href=\"http:\/\/weller-insektenschutz.de.w01d5f36.kasserver.com\/wp-content\/uploads\/2014\/06\/041.jpg\"><img loading=\"lazy\" decoding=\"async\" src=\"http:\/\/weller-insektenschutz.de.w01d5f36.kasserver.com\/wp-content\/uploads\/2014\/06\/041-150x150.jpg\" alt=\"\" class=\"alignnone wp-image-62\" width=\"150\" height=\"150\" \/><\/a> \u00a0<a href=\"http:\/\/weller-insektenschutz.de.w01d5f36.kasserver.com\/wp-content\/uploads\/2018\/07\/05.jpg\"><img loading=\"lazy\" decoding=\"async\" src=\"http:\/\/weller-insektenschutz.de.w01d5f36.kasserver.com\/wp-content\/uploads\/2018\/07\/05-150x150.jpg\" alt=\"\" class=\"alignnone size-thumbnail wp-image-309\" width=\"150\" height=\"150\" \/><\/a>\u00a0 <a href=\"http:\/\/weller-insektenschutz.de.w01d5f36.kasserver.com\/wp-content\/uploads\/2014\/06\/011.jpg\"><img loading=\"lazy\" decoding=\"async\" src=\"http:\/\/weller-insektenschutz.de.w01d5f36.kasserver.com\/wp-content\/uploads\/2014\/06\/011-150x150.jpg\" alt=\"\" class=\"alignnone size-thumbnail wp-image-83\" width=\"150\" height=\"150\" \/>\u00a0\u00a0<\/a><a href=\"http:\/\/weller-insektenschutz.de.w01d5f36.kasserver.com\/wp-content\/uploads\/2018\/07\/02-1.jpg\"><img loading=\"lazy\" decoding=\"async\" src=\"http:\/\/weller-insektenschutz.de.w01d5f36.kasserver.com\/wp-content\/uploads\/2018\/07\/02-1-150x150.jpg\" alt=\"\" class=\"alignnone size-thumbnail wp-image-311\" width=\"150\" height=\"150\" \/><\/a><a href=\"http:\/\/weller-insektenschutz.de.w01d5f36.kasserver.com\/wp-content\/uploads\/2014\/06\/011.jpg\">\u00a0\u00a0<\/a><a href=\"http:\/\/weller-insektenschutz.de.w01d5f36.kasserver.com\/wp-content\/uploads\/2018\/07\/03.jpg\"><img loading=\"lazy\" decoding=\"async\" src=\"http:\/\/weller-insektenschutz.de.w01d5f36.kasserver.com\/wp-content\/uploads\/2018\/07\/03-150x150.jpg\" alt=\"\" class=\"alignnone size-thumbnail wp-image-312\" width=\"150\" height=\"150\" \/><\/a><a href=\"http:\/\/weller-insektenschutz.de.w01d5f36.kasserver.com\/wp-content\/uploads\/2014\/06\/011.jpg\">\u00a0 <\/a><a href=\"http:\/\/weller-insektenschutz.de.w01d5f36.kasserver.com\/wp-content\/uploads\/2018\/07\/06.gif\"><\/a><\/p>\n<hr \/>\n<p><img loading=\"lazy\" decoding=\"async\" src=\"http:\/\/weller-insektenschutz.de.w01d5f36.kasserver.com\/wp-content\/uploads\/2014\/06\/1400_400_header.jpg\" alt=\"\" class=\"aligncenter size-full wp-image-159\" width=\"1400\" height=\"400\" srcset=\"https:\/\/weller-insektenschutz.de\/wp-content\/uploads\/2014\/06\/1400_400_header.jpg 1400w, https:\/\/weller-insektenschutz.de\/wp-content\/uploads\/2014\/06\/1400_400_header-300x85.jpg 300w, https:\/\/weller-insektenschutz.de\/wp-content\/uploads\/2014\/06\/1400_400_header-1024x292.jpg 1024w\" sizes=\"(max-width: 1400px) 100vw, 1400px\" \/><\/p>\n","protected":false},"excerpt":{"rendered":"<p>System PLISSE`40 ist ein barrierefreies Insektenschutz-Faltsystem f\u00fcr die vertikale Montage. Die patentierte Technik garantiert eine unver\u00e4nderte Faltung und Stabilit\u00e4t \u00fcber viele Jahre. Besonders geeignet ist PLISSE`40 f\u00fcr gro\u00dfe \u00d6ffnungen, da bis zu 4 Anlagen verkettet werden k\u00f6nnen. Die untere F\u00fchrung aus grauem Kunststoff ist nur 5 mm hoch und 38<\/p>\n","protected":false},"author":1,"featured_media":0,"parent":0,"menu_order":0,"comment_status":"closed","ping_status":"closed","template":"","meta":{"footnotes":""},"_links":{"self":[{"href":"https:\/\/weller-insektenschutz.de\/index.php?rest_route=\/wp\/v2\/pages\/297"}],"collection":[{"href":"https:\/\/weller-insektenschutz.de\/index.php?rest_route=\/wp\/v2\/pages"}],"about":[{"href":"https:\/\/weller-insektenschutz.de\/index.php?rest_route=\/wp\/v2\/types\/page"}],"author":[{"embeddable":true,"href":"https:\/\/weller-insektenschutz.de\/index.php?rest_route=\/wp\/v2\/users\/1"}],"replies":[{"embeddable":true,"href":"https:\/\/weller-insektenschutz.de\/index.php?rest_route=%2Fwp%2Fv2%2Fcomments&post=297"}],"version-history":[{"count":7,"href":"https:\/\/weller-insektenschutz.de\/index.php?rest_route=\/wp\/v2\/pages\/297\/revisions"}],"predecessor-version":[{"id":396,"href":"https:\/\/weller-insektenschutz.de\/index.php?rest_route=\/wp\/v2\/pages\/297\/revisions\/396"}],"wp:attachment":[{"href":"https:\/\/weller-insektenschutz.de\/index.php?rest_route=%2Fwp%2Fv2%2Fmedia&parent=297"}],"curies":[{"name":"wp","href":"https:\/\/api.w.org\/{rel}","templated":true}]}}