{"id":300,"date":"2018-07-29T07:22:23","date_gmt":"2018-07-29T07:22:23","guid":{"rendered":"http:\/\/weller-insektenschutz.de.w01d5f36.kasserver.com\/?page_id=300"},"modified":"2022-11-04T07:24:26","modified_gmt":"2022-11-04T07:24:26","slug":"system-well-screen","status":"publish","type":"page","link":"https:\/\/weller-insektenschutz.de\/?page_id=300","title":{"rendered":"System Well-Screen"},"content":{"rendered":"<p><img loading=\"lazy\" decoding=\"async\" src=\"http:\/\/weller-insektenschutz.de.w01d5f36.kasserver.com\/wp-content\/uploads\/2018\/07\/Lichtschacht-300x215.jpg\" alt=\"\" class=\"alignleft wp-image-330 size-medium\" width=\"300\" height=\"215\" srcset=\"https:\/\/weller-insektenschutz.de\/wp-content\/uploads\/2018\/07\/Lichtschacht-300x215.jpg 300w, https:\/\/weller-insektenschutz.de\/wp-content\/uploads\/2018\/07\/Lichtschacht-768x549.jpg 768w, https:\/\/weller-insektenschutz.de\/wp-content\/uploads\/2018\/07\/Lichtschacht-1024x732.jpg 1024w\" sizes=\"(max-width: 300px) 100vw, 300px\" \/><\/p>\n<p><span style=\"font-size: 14pt;\">Hochwertige Lichtschachtabdeckung aus Aluminium-Profilen in den Farben silber eloxiert EV1 oder grau mit Glimmereffekt pulverbeschichtet.<\/span><\/p>\n<p><span style=\"font-size: 14pt;\">Einfache Montage, hohe Stabilit\u00e4t und sehr guter Schutz vor Insekten, Laub und gr\u00f6berem Schmutz gew\u00e4hrleisten unsere Lichtschachtabdeckungen in einem Produkt &#8211; eine der erfolgreichen Patentl\u00f6sungen des Hauses L\u00c4MMERMANN. Mit beidseitig abgerundeten und sehr flachen Rahmenprofilen k\u00f6nnen wir Lichtsch\u00e4chte unterschiedlicher Form und Beschaffenheit l\u00fcckenlos abdecken. In Kombination mit lichtdurchl\u00e4ssigem und witterungsbest\u00e4ndigem Edelstahlgewebe sind sie begehbar und schr\u00e4nken die Luftzirkulation nur geringf\u00fcgig ein.<\/span><\/p>\n<p><span style=\"font-size: 14pt;\">Alternativ k\u00f6nnen unsere Lichtschachtabdeckungen auch mit einer kratzfesten und begehbaren, durchsichtigen Polycarbonatplatte bestellt werden, die zus\u00e4tzlichen Regenschutz bietet. Um eine erh\u00f6hte Luftzirkulation zu gew\u00e4hrleisten kann auch eine Kombination aus Polycarbonatplatten und Edelstahlgewebe verbaut werden.<\/span><\/p>\n<ul>\n<li><span style=\"font-size: 14pt;\">Ma\u00dfanfertigung f\u00fcr Ihren Lichtschacht<\/span><\/li>\n<li><span style=\"font-size: 14pt;\">auch f\u00fcr Abluft-, Klima und sonstige zu sch\u00fctzende \u00d6ffnungen im Privat- und Gewerbebereich<\/span><\/li>\n<li><span style=\"font-size: 14pt;\">minimaler Lichtverlust<\/span><\/li>\n<li><span style=\"font-size: 14pt;\">hohe Luftzirkulation<\/span><\/li>\n<li><span style=\"font-size: 14pt;\">lange Haltbarkeit<\/span><\/li>\n<li><span style=\"font-size: 14pt;\">Sonderformen m\u00f6glich<\/span><\/li>\n<li><span style=\"font-size: 14pt;\">keine Stolperfalle durch flache, formsch\u00f6ne Alu-Profile<\/span><\/li>\n<li><span style=\"font-size: 14pt;\">stabiles Edelstahlgewebe<\/span><\/li>\n<\/ul>\n<hr \/>\n<p><a href=\"http:\/\/weller-insektenschutz.de.w01d5f36.kasserver.com\/wp-content\/uploads\/2018\/07\/Lichtschacht.jpg\"><img loading=\"lazy\" decoding=\"async\" src=\"http:\/\/weller-insektenschutz.de.w01d5f36.kasserver.com\/wp-content\/uploads\/2018\/07\/Lichtschacht-150x150.jpg\" alt=\"\" class=\"alignnone wp-image-330 size-thumbnail\" width=\"150\" height=\"150\" \/>\u00a0\u00a0<\/a><a href=\"http:\/\/weller-insektenschutz.de.w01d5f36.kasserver.com\/wp-content\/uploads\/2018\/07\/IMG_3972.jpg\"><img loading=\"lazy\" decoding=\"async\" src=\"http:\/\/weller-insektenschutz.de.w01d5f36.kasserver.com\/wp-content\/uploads\/2018\/07\/IMG_3972-150x150.jpg\" alt=\"\" class=\"alignnone size-thumbnail wp-image-332\" width=\"150\" height=\"150\" \/><\/a><a href=\"http:\/\/weller-insektenschutz.de.w01d5f36.kasserver.com\/wp-content\/uploads\/2018\/07\/Lichtschacht.jpg\">\u00a0\u00a0<\/a><a href=\"http:\/\/weller-insektenschutz.de.w01d5f36.kasserver.com\/wp-content\/uploads\/2018\/07\/IMG_3969.jpg\"><img loading=\"lazy\" decoding=\"async\" src=\"http:\/\/weller-insektenschutz.de.w01d5f36.kasserver.com\/wp-content\/uploads\/2018\/07\/IMG_3969-150x150.jpg\" alt=\"\" class=\"alignnone size-thumbnail wp-image-333\" width=\"150\" height=\"150\" \/><\/a><a href=\"http:\/\/weller-insektenschutz.de.w01d5f36.kasserver.com\/wp-content\/uploads\/2018\/07\/Lichtschacht.jpg\">\u00a0 <\/a><a href=\"https:\/\/weller-insektenschutz.de.w01d5f36.kasserver.com\/?attachment_id=334\"><img loading=\"lazy\" decoding=\"async\" src=\"http:\/\/weller-insektenschutz.de.w01d5f36.kasserver.com\/wp-content\/uploads\/2018\/07\/IMG_3965-150x150.jpg\" alt=\"\" class=\"alignnone wp-image-334 size-thumbnail\" width=\"150\" height=\"150\" \/><\/a><a href=\"http:\/\/weller-insektenschutz.de.w01d5f36.kasserver.com\/wp-content\/uploads\/2018\/07\/Lichtschacht.jpg\">\u00a0 <\/a><a href=\"https:\/\/weller-insektenschutz.de.w01d5f36.kasserver.com\/wp-content\/uploads\/2022\/11\/LA1-scaled.jpg\"><img loading=\"lazy\" decoding=\"async\" src=\"https:\/\/weller-insektenschutz.de.w01d5f36.kasserver.com\/wp-content\/uploads\/2022\/11\/LA1-150x150.jpg\" alt=\"\" class=\"alignnone wp-image-537 size-thumbnail\" width=\"150\" height=\"150\" \/><\/a><a href=\"http:\/\/weller-insektenschutz.de.w01d5f36.kasserver.com\/wp-content\/uploads\/2018\/07\/Lichtschacht.jpg\"><\/a><\/p>\n<hr \/>\n<p><img loading=\"lazy\" decoding=\"async\" src=\"http:\/\/weller-insektenschutz.de.w01d5f36.kasserver.com\/wp-content\/uploads\/2014\/06\/1400_400_header.jpg\" alt=\"\" class=\"aligncenter size-full wp-image-159\" width=\"1400\" height=\"400\" srcset=\"https:\/\/weller-insektenschutz.de\/wp-content\/uploads\/2014\/06\/1400_400_header.jpg 1400w, https:\/\/weller-insektenschutz.de\/wp-content\/uploads\/2014\/06\/1400_400_header-300x85.jpg 300w, https:\/\/weller-insektenschutz.de\/wp-content\/uploads\/2014\/06\/1400_400_header-1024x292.jpg 1024w\" sizes=\"(max-width: 1400px) 100vw, 1400px\" \/><\/p>\n","protected":false},"excerpt":{"rendered":"<p>Hochwertige Lichtschachtabdeckung aus Aluminium-Profilen in den Farben silber eloxiert EV1 oder grau mit Glimmereffekt pulverbeschichtet. Einfache Montage, hohe Stabilit\u00e4t und sehr guter Schutz vor Insekten, Laub und gr\u00f6berem Schmutz gew\u00e4hrleisten unsere Lichtschachtabdeckungen in einem Produkt &#8211; eine der erfolgreichen Patentl\u00f6sungen des Hauses L\u00c4MMERMANN. Mit beidseitig abgerundeten und sehr flachen Rahmenprofilen<\/p>\n","protected":false},"author":1,"featured_media":0,"parent":0,"menu_order":0,"comment_status":"closed","ping_status":"closed","template":"","meta":{"footnotes":""},"_links":{"self":[{"href":"https:\/\/weller-insektenschutz.de\/index.php?rest_route=\/wp\/v2\/pages\/300"}],"collection":[{"href":"https:\/\/weller-insektenschutz.de\/index.php?rest_route=\/wp\/v2\/pages"}],"about":[{"href":"https:\/\/weller-insektenschutz.de\/index.php?rest_route=\/wp\/v2\/types\/page"}],"author":[{"embeddable":true,"href":"https:\/\/weller-insektenschutz.de\/index.php?rest_route=\/wp\/v2\/users\/1"}],"replies":[{"embeddable":true,"href":"https:\/\/weller-insektenschutz.de\/index.php?rest_route=%2Fwp%2Fv2%2Fcomments&post=300"}],"version-history":[{"count":7,"href":"https:\/\/weller-insektenschutz.de\/index.php?rest_route=\/wp\/v2\/pages\/300\/revisions"}],"predecessor-version":[{"id":539,"href":"https:\/\/weller-insektenschutz.de\/index.php?rest_route=\/wp\/v2\/pages\/300\/revisions\/539"}],"wp:attachment":[{"href":"https:\/\/weller-insektenschutz.de\/index.php?rest_route=%2Fwp%2Fv2%2Fmedia&parent=300"}],"curies":[{"name":"wp","href":"https:\/\/api.w.org\/{rel}","templated":true}]}}